{"id":142,"date":"2022-01-18T12:56:56","date_gmt":"2022-01-18T12:56:56","guid":{"rendered":"https:\/\/CLINICADENTALGIARIBER.ES\/?page_id=142"},"modified":"2026-05-04T08:41:03","modified_gmt":"2026-05-04T08:41:03","slug":"caries-2","status":"publish","type":"page","link":"https:\/\/CLINICADENTALGIARIBER.ES\/?page_id=142","title":{"rendered":"Caries"},"content":{"rendered":"<p>[et_pb_section fb_built=\u00bb1&#8243; admin_label=\u00bbsection\u00bb _builder_version=\u00bb4.16&#8243; background_image=\u00bbhttps:\/\/CLINICADENTALGIARIBER.ES\/wp-content\/uploads\/2022\/01\/surface-455124_1920.jpg\u00bb global_colors_info=\u00bb{}\u00bb][et_pb_row _builder_version=\u00bb4.16&#8243; _module_preset=\u00bbdefault\u00bb global_colors_info=\u00bb{}\u00bb][et_pb_column type=\u00bb4_4&#8243; _builder_version=\u00bb4.16&#8243; _module_preset=\u00bbdefault\u00bb global_colors_info=\u00bb{}\u00bb][et_pb_text _builder_version=\u00bb4.27.4&#8243; _module_preset=\u00bbdefault\u00bb custom_padding=\u00bb2px|||||\u00bb hover_enabled=\u00bb0&#8243; text_text_shadow_style=\u00bbpreset5&#8243; text_text_shadow_color=\u00bb#00457A\u00bb global_colors_info=\u00bb{}\u00bb sticky_enabled=\u00bb0&#8243;]<\/p>\n<h1 style=\"padding-left: 160px; text-align: center;\"><span style=\"color: #ffffff;\"><strong>Tratamiento de caries dental en A Coru\u00f1a<\/strong><\/span><\/h1>\n<p>[\/et_pb_text][\/et_pb_column][\/et_pb_row][\/et_pb_section][et_pb_section fb_built=\u00bb1&#8243; _builder_version=\u00bb4.16&#8243; _module_preset=\u00bbdefault\u00bb global_colors_info=\u00bb{}\u00bb][et_pb_row column_structure=\u00bb2_5,3_5&#8243; admin_label=\u00bbrow\u00bb _builder_version=\u00bb4.16&#8243; background_size=\u00bbinitial\u00bb background_position=\u00bbtop_left\u00bb background_repeat=\u00bbrepeat\u00bb global_colors_info=\u00bb{}\u00bb][et_pb_column type=\u00bb2_5&#8243; _builder_version=\u00bb4.16&#8243; custom_padding=\u00bb|||\u00bb global_colors_info=\u00bb{}\u00bb custom_padding__hover=\u00bb|||\u00bb][et_pb_image src=\u00bbhttps:\/\/CLINICADENTALGIARIBER.ES\/wp-content\/uploads\/2022\/01\/CARIES.jpg\u00bb title_text=\u00bbCARIES\u00bb _builder_version=\u00bb4.16&#8243; _module_preset=\u00bbdefault\u00bb global_colors_info=\u00bb{}\u00bb][\/et_pb_image][\/et_pb_column][et_pb_column type=\u00bb3_5&#8243; _builder_version=\u00bb4.16&#8243; custom_padding=\u00bb|||\u00bb global_colors_info=\u00bb{}\u00bb custom_padding__hover=\u00bb|||\u00bb][et_pb_text _builder_version=\u00bb4.27.4&#8243; _module_preset=\u00bbdefault\u00bb hover_enabled=\u00bb0&#8243; sticky_enabled=\u00bb0&#8243;]<\/p>\n<h2><span data-sheets-root=\"1\">\u00bfC\u00f3mo eliminar una caries?<\/span><\/h2>\n<p>[\/et_pb_text][et_pb_text _builder_version=\u00bb4.16&#8243; _module_preset=\u00bbdefault\u00bb global_colors_info=\u00bb{}\u00bb]<\/p>\n<p>Un empaste, que t\u00e9cnicamente recibe el nombre de \u201c<strong>obturaci\u00f3n<\/strong>\u201d, es un tratamiento que permite<strong>\u00a0reparar un diente da\u00f1ado\u00a0<\/strong>como consecuencia de<strong>\u00a0<\/strong>una caries.<\/p>\n<p>Para ello, el dentista lima y posteriormente rellena el trozo de la pieza dental afectada. De esta forma,\u00a0<strong>se impide que la caries llegue a afectar a a la ra\u00edz<\/strong> del diente y se evita tener que realizar un tratamiento de endodoncia.<\/p>\n<p>&nbsp;<\/p>\n<p>.<\/p>\n<p>[\/et_pb_text][\/et_pb_column][\/et_pb_row][\/et_pb_section]<\/p>\n","protected":false},"excerpt":{"rendered":"<p>Tratamiento de caries dental en A Coru\u00f1a\u00bfC\u00f3mo eliminar una caries?Un empaste, que t\u00e9cnicamente recibe el nombre de \u201cobturaci\u00f3n\u201d, es un tratamiento que permite\u00a0reparar un diente da\u00f1ado\u00a0como consecuencia de\u00a0una caries. Para ello, el dentista lima y posteriormente rellena el trozo de la pieza dental afectada. De esta forma,\u00a0se impide que la caries llegue a afectar a [&hellip;]<\/p>\n","protected":false},"author":1,"featured_media":0,"parent":0,"menu_order":0,"comment_status":"closed","ping_status":"closed","template":"","meta":{"_et_pb_use_builder":"on","_et_pb_old_content":"","_et_gb_content_width":"","footnotes":""},"class_list":["post-142","page","type-page","status-publish","hentry"],"yoast_head":"<!-- This site is optimized with the Yoast SEO plugin v27.5 - https:\/\/yoast.com\/product\/yoast-seo-wordpress\/ -->\n<title>Tratamiento de caries dental en A Coru\u00f1a | Cl\u00ednica Giariber<\/title>\n<meta name=\"description\" content=\"Tratamiento de caries en A Coru\u00f1a. En Giariber eliminamos la caries y reparamos el diente con empastes para recuperar la salud y funci\u00f3n dental.\" \/>\n<meta name=\"robots\" content=\"index, follow, max-snippet:-1, max-image-preview:large, max-video-preview:-1\" \/>\n<link rel=\"canonical\" href=\"https:\/\/CLINICADENTALGIARIBER.ES\/?page_id=142\" \/>\n<meta property=\"og:locale\" content=\"es_ES\" \/>\n<meta property=\"og:type\" content=\"article\" \/>\n<meta property=\"og:title\" content=\"Tratamiento de caries dental en A Coru\u00f1a | Cl\u00ednica Giariber\" \/>\n<meta property=\"og:description\" content=\"Tratamiento de caries en A Coru\u00f1a. En Giariber eliminamos la caries y reparamos el diente con empastes para recuperar la salud y funci\u00f3n dental.\" \/>\n<meta property=\"og:url\" content=\"https:\/\/CLINICADENTALGIARIBER.ES\/?page_id=142\" \/>\n<meta property=\"og:site_name\" content=\"Cl\u00ednica dental Giariber\" \/>\n<meta property=\"article:modified_time\" content=\"2026-05-04T08:41:03+00:00\" \/>\n<meta name=\"twitter:card\" content=\"summary_large_image\" \/>\n<meta name=\"twitter:label1\" content=\"Tiempo de lectura\" \/>\n\t<meta name=\"twitter:data1\" content=\"1 minuto\" \/>\n<script type=\"application\/ld+json\" class=\"yoast-schema-graph\">{\"@context\":\"https:\\\/\\\/schema.org\",\"@graph\":[{\"@type\":\"WebPage\",\"@id\":\"https:\\\/\\\/CLINICADENTALGIARIBER.ES\\\/?page_id=142\",\"url\":\"https:\\\/\\\/CLINICADENTALGIARIBER.ES\\\/?page_id=142\",\"name\":\"Tratamiento de caries dental en A Coru\u00f1a | Cl\u00ednica Giariber\",\"isPartOf\":{\"@id\":\"https:\\\/\\\/CLINICADENTALGIARIBER.ES\\\/#website\"},\"datePublished\":\"2022-01-18T12:56:56+00:00\",\"dateModified\":\"2026-05-04T08:41:03+00:00\",\"description\":\"Tratamiento de caries en A Coru\u00f1a. En Giariber eliminamos la caries y reparamos el diente con empastes para recuperar la salud y funci\u00f3n dental.\",\"breadcrumb\":{\"@id\":\"https:\\\/\\\/CLINICADENTALGIARIBER.ES\\\/?page_id=142#breadcrumb\"},\"inLanguage\":\"es\",\"potentialAction\":[{\"@type\":\"ReadAction\",\"target\":[\"https:\\\/\\\/CLINICADENTALGIARIBER.ES\\\/?page_id=142\"]}]},{\"@type\":\"BreadcrumbList\",\"@id\":\"https:\\\/\\\/CLINICADENTALGIARIBER.ES\\\/?page_id=142#breadcrumb\",\"itemListElement\":[{\"@type\":\"ListItem\",\"position\":1,\"name\":\"Portada\",\"item\":\"https:\\\/\\\/CLINICADENTALGIARIBER.ES\\\/\"},{\"@type\":\"ListItem\",\"position\":2,\"name\":\"Caries\"}]},{\"@type\":\"WebSite\",\"@id\":\"https:\\\/\\\/CLINICADENTALGIARIBER.ES\\\/#website\",\"url\":\"https:\\\/\\\/CLINICADENTALGIARIBER.ES\\\/\",\"name\":\"Cl\u00ednica dental Giariber\",\"description\":\"Tu cl\u00ednica dental en La Coru\u00f1a\",\"publisher\":{\"@id\":\"https:\\\/\\\/CLINICADENTALGIARIBER.ES\\\/#organization\"},\"potentialAction\":[{\"@type\":\"SearchAction\",\"target\":{\"@type\":\"EntryPoint\",\"urlTemplate\":\"https:\\\/\\\/CLINICADENTALGIARIBER.ES\\\/?s={search_term_string}\"},\"query-input\":{\"@type\":\"PropertyValueSpecification\",\"valueRequired\":true,\"valueName\":\"search_term_string\"}}],\"inLanguage\":\"es\"},{\"@type\":\"Organization\",\"@id\":\"https:\\\/\\\/CLINICADENTALGIARIBER.ES\\\/#organization\",\"name\":\"GIARIBER\",\"url\":\"https:\\\/\\\/CLINICADENTALGIARIBER.ES\\\/\",\"logo\":{\"@type\":\"ImageObject\",\"inLanguage\":\"es\",\"@id\":\"https:\\\/\\\/CLINICADENTALGIARIBER.ES\\\/#\\\/schema\\\/logo\\\/image\\\/\",\"url\":\"https:\\\/\\\/CLINICADENTALGIARIBER.ES\\\/wp-content\\\/uploads\\\/2022\\\/01\\\/implantes2.png\",\"contentUrl\":\"https:\\\/\\\/CLINICADENTALGIARIBER.ES\\\/wp-content\\\/uploads\\\/2022\\\/01\\\/implantes2.png\",\"width\":122,\"height\":98,\"caption\":\"GIARIBER\"},\"image\":{\"@id\":\"https:\\\/\\\/CLINICADENTALGIARIBER.ES\\\/#\\\/schema\\\/logo\\\/image\\\/\"}}]}<\/script>\n<!-- \/ Yoast SEO plugin. -->","yoast_head_json":{"title":"Tratamiento de caries dental en A Coru\u00f1a | Cl\u00ednica Giariber","description":"Tratamiento de caries en A Coru\u00f1a. En Giariber eliminamos la caries y reparamos el diente con empastes para recuperar la salud y funci\u00f3n dental.","robots":{"index":"index","follow":"follow","max-snippet":"max-snippet:-1","max-image-preview":"max-image-preview:large","max-video-preview":"max-video-preview:-1"},"canonical":"https:\/\/CLINICADENTALGIARIBER.ES\/?page_id=142","og_locale":"es_ES","og_type":"article","og_title":"Tratamiento de caries dental en A Coru\u00f1a | Cl\u00ednica Giariber","og_description":"Tratamiento de caries en A Coru\u00f1a. En Giariber eliminamos la caries y reparamos el diente con empastes para recuperar la salud y funci\u00f3n dental.","og_url":"https:\/\/CLINICADENTALGIARIBER.ES\/?page_id=142","og_site_name":"Cl\u00ednica dental Giariber","article_modified_time":"2026-05-04T08:41:03+00:00","twitter_card":"summary_large_image","twitter_misc":{"Tiempo de lectura":"1 minuto"},"schema":{"@context":"https:\/\/schema.org","@graph":[{"@type":"WebPage","@id":"https:\/\/CLINICADENTALGIARIBER.ES\/?page_id=142","url":"https:\/\/CLINICADENTALGIARIBER.ES\/?page_id=142","name":"Tratamiento de caries dental en A Coru\u00f1a | Cl\u00ednica Giariber","isPartOf":{"@id":"https:\/\/CLINICADENTALGIARIBER.ES\/#website"},"datePublished":"2022-01-18T12:56:56+00:00","dateModified":"2026-05-04T08:41:03+00:00","description":"Tratamiento de caries en A Coru\u00f1a. En Giariber eliminamos la caries y reparamos el diente con empastes para recuperar la salud y funci\u00f3n dental.","breadcrumb":{"@id":"https:\/\/CLINICADENTALGIARIBER.ES\/?page_id=142#breadcrumb"},"inLanguage":"es","potentialAction":[{"@type":"ReadAction","target":["https:\/\/CLINICADENTALGIARIBER.ES\/?page_id=142"]}]},{"@type":"BreadcrumbList","@id":"https:\/\/CLINICADENTALGIARIBER.ES\/?page_id=142#breadcrumb","itemListElement":[{"@type":"ListItem","position":1,"name":"Portada","item":"https:\/\/CLINICADENTALGIARIBER.ES\/"},{"@type":"ListItem","position":2,"name":"Caries"}]},{"@type":"WebSite","@id":"https:\/\/CLINICADENTALGIARIBER.ES\/#website","url":"https:\/\/CLINICADENTALGIARIBER.ES\/","name":"Cl\u00ednica dental Giariber","description":"Tu cl\u00ednica dental en La Coru\u00f1a","publisher":{"@id":"https:\/\/CLINICADENTALGIARIBER.ES\/#organization"},"potentialAction":[{"@type":"SearchAction","target":{"@type":"EntryPoint","urlTemplate":"https:\/\/CLINICADENTALGIARIBER.ES\/?s={search_term_string}"},"query-input":{"@type":"PropertyValueSpecification","valueRequired":true,"valueName":"search_term_string"}}],"inLanguage":"es"},{"@type":"Organization","@id":"https:\/\/CLINICADENTALGIARIBER.ES\/#organization","name":"GIARIBER","url":"https:\/\/CLINICADENTALGIARIBER.ES\/","logo":{"@type":"ImageObject","inLanguage":"es","@id":"https:\/\/CLINICADENTALGIARIBER.ES\/#\/schema\/logo\/image\/","url":"https:\/\/CLINICADENTALGIARIBER.ES\/wp-content\/uploads\/2022\/01\/implantes2.png","contentUrl":"https:\/\/CLINICADENTALGIARIBER.ES\/wp-content\/uploads\/2022\/01\/implantes2.png","width":122,"height":98,"caption":"GIARIBER"},"image":{"@id":"https:\/\/CLINICADENTALGIARIBER.ES\/#\/schema\/logo\/image\/"}}]}},"_links":{"self":[{"href":"https:\/\/CLINICADENTALGIARIBER.ES\/index.php?rest_route=\/wp\/v2\/pages\/142","targetHints":{"allow":["GET"]}}],"collection":[{"href":"https:\/\/CLINICADENTALGIARIBER.ES\/index.php?rest_route=\/wp\/v2\/pages"}],"about":[{"href":"https:\/\/CLINICADENTALGIARIBER.ES\/index.php?rest_route=\/wp\/v2\/types\/page"}],"author":[{"embeddable":true,"href":"https:\/\/CLINICADENTALGIARIBER.ES\/index.php?rest_route=\/wp\/v2\/users\/1"}],"replies":[{"embeddable":true,"href":"https:\/\/CLINICADENTALGIARIBER.ES\/index.php?rest_route=%2Fwp%2Fv2%2Fcomments&post=142"}],"version-history":[{"count":11,"href":"https:\/\/CLINICADENTALGIARIBER.ES\/index.php?rest_route=\/wp\/v2\/pages\/142\/revisions"}],"predecessor-version":[{"id":1509,"href":"https:\/\/CLINICADENTALGIARIBER.ES\/index.php?rest_route=\/wp\/v2\/pages\/142\/revisions\/1509"}],"wp:attachment":[{"href":"https:\/\/CLINICADENTALGIARIBER.ES\/index.php?rest_route=%2Fwp%2Fv2%2Fmedia&parent=142"}],"curies":[{"name":"wp","href":"https:\/\/api.w.org\/{rel}","templated":true}]}}