{"id":149,"date":"2022-01-18T12:56:56","date_gmt":"2022-01-18T12:56:56","guid":{"rendered":"https:\/\/CLINICADENTALGIARIBER.ES\/?page_id=149"},"modified":"2026-05-04T09:04:01","modified_gmt":"2026-05-04T09:04:01","slug":"implantes-dentales","status":"publish","type":"page","link":"https:\/\/CLINICADENTALGIARIBER.ES\/?page_id=149","title":{"rendered":"Implantes dentales"},"content":{"rendered":"<p>[et_pb_section fb_built=\u00bb1&#8243; admin_label=\u00bbsection\u00bb _builder_version=\u00bb4.16&#8243; background_image=\u00bbhttps:\/\/CLINICADENTALGIARIBER.ES\/wp-content\/uploads\/2022\/01\/surface-455124_1920.jpg\u00bb global_colors_info=\u00bb{}\u00bb][et_pb_row _builder_version=\u00bb4.16&#8243; _module_preset=\u00bbdefault\u00bb global_colors_info=\u00bb{}\u00bb][et_pb_column type=\u00bb4_4&#8243; _builder_version=\u00bb4.16&#8243; _module_preset=\u00bbdefault\u00bb global_colors_info=\u00bb{}\u00bb][et_pb_text _builder_version=\u00bb4.27.4&#8243; _module_preset=\u00bbdefault\u00bb hover_enabled=\u00bb0&#8243; text_text_shadow_style=\u00bbpreset5&#8243; text_text_shadow_color=\u00bb#00457A\u00bb global_colors_info=\u00bb{}\u00bb sticky_enabled=\u00bb0&#8243;]<\/p>\n<h1 style=\"padding-left: 80px; text-align: center;\"><span style=\"color: #ffffff;\"><strong><span data-sheets-root=\"1\">Implantes dentales en A Coru\u00f1a<\/span><\/strong><\/span><\/h1>\n<p>[\/et_pb_text][et_pb_text _builder_version=\u00bb4.27.4&#8243; _module_preset=\u00bbdefault\u00bb sticky_enabled=\u00bb0&#8243; text_text_shadow_style=\u00bbpreset5&#8243; text_text_shadow_color=\u00bb#00457A\u00bb hover_enabled=\u00bb0&#8243;]<\/p>\n<h2 style=\"text-align: center;\"><span data-sheets-root=\"1\" style=\"color: #ffffff;\">\u00a0 \u00bfPor qu\u00e9 elegir implantes dentales?<\/span><\/h2>\n<p>[\/et_pb_text][\/et_pb_column][\/et_pb_row][\/et_pb_section][et_pb_section fb_built=\u00bb1&#8243; _builder_version=\u00bb4.16&#8243; _module_preset=\u00bbdefault\u00bb global_colors_info=\u00bb{}\u00bb][et_pb_row column_structure=\u00bb2_5,3_5&#8243; admin_label=\u00bbrow\u00bb _builder_version=\u00bb4.16&#8243; background_size=\u00bbinitial\u00bb background_position=\u00bbtop_left\u00bb background_repeat=\u00bbrepeat\u00bb global_colors_info=\u00bb{}\u00bb][et_pb_column type=\u00bb2_5&#8243; _builder_version=\u00bb4.16&#8243; custom_padding=\u00bb|||\u00bb global_colors_info=\u00bb{}\u00bb custom_padding__hover=\u00bb|||\u00bb][et_pb_image src=\u00bbhttps:\/\/CLINICADENTALGIARIBER.ES\/wp-content\/uploads\/2022\/01\/IMPLANTES.jpg\u00bb title_text=\u00bbIMPLANTES\u00bb _builder_version=\u00bb4.16&#8243; _module_preset=\u00bbdefault\u00bb global_colors_info=\u00bb{}\u00bb][\/et_pb_image][\/et_pb_column][et_pb_column type=\u00bb3_5&#8243; _builder_version=\u00bb4.16&#8243; custom_padding=\u00bb|||\u00bb global_colors_info=\u00bb{}\u00bb custom_padding__hover=\u00bb|||\u00bb][et_pb_text _builder_version=\u00bb4.27.4&#8243; _module_preset=\u00bbdefault\u00bb hover_enabled=\u00bb0&#8243; sticky_enabled=\u00bb0&#8243;]<\/p>\n<h2 style=\"text-align: center;\"><span data-sheets-root=\"1\">Implantolog\u00eda dental con tecnolog\u00eda avanzada en Giariber<\/span><\/h2>\n<p>[\/et_pb_text][et_pb_text _builder_version=\u00bb4.16&#8243; _module_preset=\u00bbdefault\u00bb custom_padding=\u00bb||4px|||\u00bb global_colors_info=\u00bb{}\u00bb]<\/p>\n<p>Los\u00a0<span><strong>implantes<\/strong><\/span>\u00a0dentales son fijaciones de titanio que se colocan en el hueso como sustituci\u00f3n de la ra\u00edz del diente perdido. Posteriormente se coloca una funda que le da el aspecto de un diente natural. Los implantes dentales resultan la\u00a0<strong>mejor soluci\u00f3n a la p\u00e9rdida de las piezas dentales<\/strong>, ya que tienen el aspecto de un diente natural, son totalmente estables y permiten masticar con total normalidad.<\/p>\n<p>En <strong>nuestra cl\u00ednica Giariber<\/strong> contamos con ultima tecnolog\u00eda y relizamos cirug\u00edas minimamente invasivas para evitar molestas post quir\u00fargicas en nuestros pacientes.<\/p>\n<p>[\/et_pb_text][\/et_pb_column][\/et_pb_row][\/et_pb_section]<\/p>\n","protected":false},"excerpt":{"rendered":"<p>Implantes dentales en A Coru\u00f1a\u00a0 \u00bfPor qu\u00e9 elegir implantes dentales?Implantolog\u00eda dental con tecnolog\u00eda avanzada en GiariberLos\u00a0implantes\u00a0dentales son fijaciones de titanio que se colocan en el hueso como sustituci\u00f3n de la ra\u00edz del diente perdido. Posteriormente se coloca una funda que le da el aspecto de un diente natural. Los implantes dentales resultan la\u00a0mejor soluci\u00f3n a [&hellip;]<\/p>\n","protected":false},"author":1,"featured_media":0,"parent":0,"menu_order":0,"comment_status":"closed","ping_status":"closed","template":"","meta":{"_et_pb_use_builder":"on","_et_pb_old_content":"","_et_gb_content_width":"","footnotes":""},"class_list":["post-149","page","type-page","status-publish","hentry"],"yoast_head":"<!-- This site is optimized with the Yoast SEO plugin v27.5 - https:\/\/yoast.com\/product\/yoast-seo-wordpress\/ -->\n<title>Implantes dentales A Coru\u00f1a | Cl\u00ednica Dental Giariber<\/title>\n<meta name=\"description\" content=\"En Giariber somos especialistas en implantes dentales en la ciudad de A Coru\u00f1a. Soluciones duraderas, cirug\u00eda segura y resultados est\u00e9ticos.\" \/>\n<meta name=\"robots\" content=\"index, follow, max-snippet:-1, max-image-preview:large, max-video-preview:-1\" \/>\n<link rel=\"canonical\" href=\"https:\/\/CLINICADENTALGIARIBER.ES\/?page_id=149\" \/>\n<meta property=\"og:locale\" content=\"es_ES\" \/>\n<meta property=\"og:type\" content=\"article\" \/>\n<meta property=\"og:title\" content=\"Implantes dentales A Coru\u00f1a | Cl\u00ednica Dental Giariber\" \/>\n<meta property=\"og:description\" content=\"En Giariber somos especialistas en implantes dentales en la ciudad de A Coru\u00f1a. Soluciones duraderas, cirug\u00eda segura y resultados est\u00e9ticos.\" \/>\n<meta property=\"og:url\" content=\"https:\/\/CLINICADENTALGIARIBER.ES\/?page_id=149\" \/>\n<meta property=\"og:site_name\" content=\"Cl\u00ednica dental Giariber\" \/>\n<meta property=\"article:modified_time\" content=\"2026-05-04T09:04:01+00:00\" \/>\n<meta name=\"twitter:card\" content=\"summary_large_image\" \/>\n<meta name=\"twitter:label1\" content=\"Tiempo de lectura\" \/>\n\t<meta name=\"twitter:data1\" content=\"2 minutos\" \/>\n<script type=\"application\/ld+json\" class=\"yoast-schema-graph\">{\"@context\":\"https:\\\/\\\/schema.org\",\"@graph\":[{\"@type\":\"WebPage\",\"@id\":\"https:\\\/\\\/CLINICADENTALGIARIBER.ES\\\/?page_id=149\",\"url\":\"https:\\\/\\\/CLINICADENTALGIARIBER.ES\\\/?page_id=149\",\"name\":\"Implantes dentales A Coru\u00f1a | Cl\u00ednica Dental Giariber\",\"isPartOf\":{\"@id\":\"https:\\\/\\\/CLINICADENTALGIARIBER.ES\\\/#website\"},\"datePublished\":\"2022-01-18T12:56:56+00:00\",\"dateModified\":\"2026-05-04T09:04:01+00:00\",\"description\":\"En Giariber somos especialistas en implantes dentales en la ciudad de A Coru\u00f1a. Soluciones duraderas, cirug\u00eda segura y resultados est\u00e9ticos.\",\"breadcrumb\":{\"@id\":\"https:\\\/\\\/CLINICADENTALGIARIBER.ES\\\/?page_id=149#breadcrumb\"},\"inLanguage\":\"es\",\"potentialAction\":[{\"@type\":\"ReadAction\",\"target\":[\"https:\\\/\\\/CLINICADENTALGIARIBER.ES\\\/?page_id=149\"]}]},{\"@type\":\"BreadcrumbList\",\"@id\":\"https:\\\/\\\/CLINICADENTALGIARIBER.ES\\\/?page_id=149#breadcrumb\",\"itemListElement\":[{\"@type\":\"ListItem\",\"position\":1,\"name\":\"Portada\",\"item\":\"https:\\\/\\\/CLINICADENTALGIARIBER.ES\\\/\"},{\"@type\":\"ListItem\",\"position\":2,\"name\":\"Implantes dentales\"}]},{\"@type\":\"WebSite\",\"@id\":\"https:\\\/\\\/CLINICADENTALGIARIBER.ES\\\/#website\",\"url\":\"https:\\\/\\\/CLINICADENTALGIARIBER.ES\\\/\",\"name\":\"Cl\u00ednica dental Giariber\",\"description\":\"Tu cl\u00ednica dental en La Coru\u00f1a\",\"publisher\":{\"@id\":\"https:\\\/\\\/CLINICADENTALGIARIBER.ES\\\/#organization\"},\"potentialAction\":[{\"@type\":\"SearchAction\",\"target\":{\"@type\":\"EntryPoint\",\"urlTemplate\":\"https:\\\/\\\/CLINICADENTALGIARIBER.ES\\\/?s={search_term_string}\"},\"query-input\":{\"@type\":\"PropertyValueSpecification\",\"valueRequired\":true,\"valueName\":\"search_term_string\"}}],\"inLanguage\":\"es\"},{\"@type\":\"Organization\",\"@id\":\"https:\\\/\\\/CLINICADENTALGIARIBER.ES\\\/#organization\",\"name\":\"GIARIBER\",\"url\":\"https:\\\/\\\/CLINICADENTALGIARIBER.ES\\\/\",\"logo\":{\"@type\":\"ImageObject\",\"inLanguage\":\"es\",\"@id\":\"https:\\\/\\\/CLINICADENTALGIARIBER.ES\\\/#\\\/schema\\\/logo\\\/image\\\/\",\"url\":\"https:\\\/\\\/CLINICADENTALGIARIBER.ES\\\/wp-content\\\/uploads\\\/2022\\\/01\\\/implantes2.png\",\"contentUrl\":\"https:\\\/\\\/CLINICADENTALGIARIBER.ES\\\/wp-content\\\/uploads\\\/2022\\\/01\\\/implantes2.png\",\"width\":122,\"height\":98,\"caption\":\"GIARIBER\"},\"image\":{\"@id\":\"https:\\\/\\\/CLINICADENTALGIARIBER.ES\\\/#\\\/schema\\\/logo\\\/image\\\/\"}}]}<\/script>\n<!-- \/ Yoast SEO plugin. -->","yoast_head_json":{"title":"Implantes dentales A Coru\u00f1a | Cl\u00ednica Dental Giariber","description":"En Giariber somos especialistas en implantes dentales en la ciudad de A Coru\u00f1a. Soluciones duraderas, cirug\u00eda segura y resultados est\u00e9ticos.","robots":{"index":"index","follow":"follow","max-snippet":"max-snippet:-1","max-image-preview":"max-image-preview:large","max-video-preview":"max-video-preview:-1"},"canonical":"https:\/\/CLINICADENTALGIARIBER.ES\/?page_id=149","og_locale":"es_ES","og_type":"article","og_title":"Implantes dentales A Coru\u00f1a | Cl\u00ednica Dental Giariber","og_description":"En Giariber somos especialistas en implantes dentales en la ciudad de A Coru\u00f1a. Soluciones duraderas, cirug\u00eda segura y resultados est\u00e9ticos.","og_url":"https:\/\/CLINICADENTALGIARIBER.ES\/?page_id=149","og_site_name":"Cl\u00ednica dental Giariber","article_modified_time":"2026-05-04T09:04:01+00:00","twitter_card":"summary_large_image","twitter_misc":{"Tiempo de lectura":"2 minutos"},"schema":{"@context":"https:\/\/schema.org","@graph":[{"@type":"WebPage","@id":"https:\/\/CLINICADENTALGIARIBER.ES\/?page_id=149","url":"https:\/\/CLINICADENTALGIARIBER.ES\/?page_id=149","name":"Implantes dentales A Coru\u00f1a | Cl\u00ednica Dental Giariber","isPartOf":{"@id":"https:\/\/CLINICADENTALGIARIBER.ES\/#website"},"datePublished":"2022-01-18T12:56:56+00:00","dateModified":"2026-05-04T09:04:01+00:00","description":"En Giariber somos especialistas en implantes dentales en la ciudad de A Coru\u00f1a. Soluciones duraderas, cirug\u00eda segura y resultados est\u00e9ticos.","breadcrumb":{"@id":"https:\/\/CLINICADENTALGIARIBER.ES\/?page_id=149#breadcrumb"},"inLanguage":"es","potentialAction":[{"@type":"ReadAction","target":["https:\/\/CLINICADENTALGIARIBER.ES\/?page_id=149"]}]},{"@type":"BreadcrumbList","@id":"https:\/\/CLINICADENTALGIARIBER.ES\/?page_id=149#breadcrumb","itemListElement":[{"@type":"ListItem","position":1,"name":"Portada","item":"https:\/\/CLINICADENTALGIARIBER.ES\/"},{"@type":"ListItem","position":2,"name":"Implantes dentales"}]},{"@type":"WebSite","@id":"https:\/\/CLINICADENTALGIARIBER.ES\/#website","url":"https:\/\/CLINICADENTALGIARIBER.ES\/","name":"Cl\u00ednica dental Giariber","description":"Tu cl\u00ednica dental en La Coru\u00f1a","publisher":{"@id":"https:\/\/CLINICADENTALGIARIBER.ES\/#organization"},"potentialAction":[{"@type":"SearchAction","target":{"@type":"EntryPoint","urlTemplate":"https:\/\/CLINICADENTALGIARIBER.ES\/?s={search_term_string}"},"query-input":{"@type":"PropertyValueSpecification","valueRequired":true,"valueName":"search_term_string"}}],"inLanguage":"es"},{"@type":"Organization","@id":"https:\/\/CLINICADENTALGIARIBER.ES\/#organization","name":"GIARIBER","url":"https:\/\/CLINICADENTALGIARIBER.ES\/","logo":{"@type":"ImageObject","inLanguage":"es","@id":"https:\/\/CLINICADENTALGIARIBER.ES\/#\/schema\/logo\/image\/","url":"https:\/\/CLINICADENTALGIARIBER.ES\/wp-content\/uploads\/2022\/01\/implantes2.png","contentUrl":"https:\/\/CLINICADENTALGIARIBER.ES\/wp-content\/uploads\/2022\/01\/implantes2.png","width":122,"height":98,"caption":"GIARIBER"},"image":{"@id":"https:\/\/CLINICADENTALGIARIBER.ES\/#\/schema\/logo\/image\/"}}]}},"_links":{"self":[{"href":"https:\/\/CLINICADENTALGIARIBER.ES\/index.php?rest_route=\/wp\/v2\/pages\/149","targetHints":{"allow":["GET"]}}],"collection":[{"href":"https:\/\/CLINICADENTALGIARIBER.ES\/index.php?rest_route=\/wp\/v2\/pages"}],"about":[{"href":"https:\/\/CLINICADENTALGIARIBER.ES\/index.php?rest_route=\/wp\/v2\/types\/page"}],"author":[{"embeddable":true,"href":"https:\/\/CLINICADENTALGIARIBER.ES\/index.php?rest_route=\/wp\/v2\/users\/1"}],"replies":[{"embeddable":true,"href":"https:\/\/CLINICADENTALGIARIBER.ES\/index.php?rest_route=%2Fwp%2Fv2%2Fcomments&post=149"}],"version-history":[{"count":10,"href":"https:\/\/CLINICADENTALGIARIBER.ES\/index.php?rest_route=\/wp\/v2\/pages\/149\/revisions"}],"predecessor-version":[{"id":1518,"href":"https:\/\/CLINICADENTALGIARIBER.ES\/index.php?rest_route=\/wp\/v2\/pages\/149\/revisions\/1518"}],"wp:attachment":[{"href":"https:\/\/CLINICADENTALGIARIBER.ES\/index.php?rest_route=%2Fwp%2Fv2%2Fmedia&parent=149"}],"curies":[{"name":"wp","href":"https:\/\/api.w.org\/{rel}","templated":true}]}}