{"id":169,"date":"2022-01-18T12:56:58","date_gmt":"2022-01-18T12:56:58","guid":{"rendered":"https:\/\/CLINICADENTALGIARIBER.ES\/?page_id=169"},"modified":"2022-01-25T22:52:41","modified_gmt":"2022-01-25T22:52:41","slug":"periodoncia","status":"publish","type":"page","link":"https:\/\/CLINICADENTALGIARIBER.ES\/?page_id=169","title":{"rendered":"Periodoncia"},"content":{"rendered":"<p>[et_pb_section fb_built=\u00bb1&#8243; admin_label=\u00bbsection\u00bb _builder_version=\u00bb4.14.7&#8243; background_image=\u00bbhttps:\/\/CLINICADENTALGIARIBER.ES\/wp-content\/uploads\/2022\/01\/surface-455124_1920.jpg\u00bb global_colors_info=\u00bb{}\u00bb][et_pb_row _builder_version=\u00bb4.14.5&#8243; _module_preset=\u00bbdefault\u00bb global_colors_info=\u00bb{}\u00bb][et_pb_column type=\u00bb4_4&#8243; _builder_version=\u00bb4.14.5&#8243; _module_preset=\u00bbdefault\u00bb hover_enabled=\u00bb0&#8243; global_colors_info=\u00bb{}\u00bb sticky_enabled=\u00bb0&#8243;][et_pb_text _builder_version=\u00bb4.14.7&#8243; _module_preset=\u00bbdefault\u00bb text_text_shadow_style=\u00bbpreset5&#8243; text_text_shadow_color=\u00bb#00457A\u00bb global_colors_info=\u00bb{}\u00bb]<\/p>\n<h1 style=\"text-align: center; padding-left: 40px;\"><span style=\"color: #ffffff;\"><strong>PERIODONCIA<\/strong><\/span><\/h1>\n<p>[\/et_pb_text][\/et_pb_column][\/et_pb_row][\/et_pb_section][et_pb_section fb_built=\u00bb1&#8243; _builder_version=\u00bb4.14.5&#8243; _module_preset=\u00bbdefault\u00bb global_colors_info=\u00bb{}\u00bb][et_pb_row column_structure=\u00bb2_5,3_5&#8243; admin_label=\u00bbrow\u00bb _builder_version=\u00bb4.14.5&#8243; background_size=\u00bbinitial\u00bb background_position=\u00bbtop_left\u00bb background_repeat=\u00bbrepeat\u00bb global_colors_info=\u00bb{}\u00bb][et_pb_column type=\u00bb2_5&#8243; _builder_version=\u00bb3.25&#8243; custom_padding=\u00bb|||\u00bb global_colors_info=\u00bb{}\u00bb custom_padding__hover=\u00bb|||\u00bb][et_pb_image src=\u00bbhttps:\/\/CLINICADENTALGIARIBER.ES\/wp-content\/uploads\/2022\/01\/PERIDONCIA.jpg\u00bb title_text=\u00bbPERIDONCIA\u00bb _builder_version=\u00bb4.14.5&#8243; _module_preset=\u00bbdefault\u00bb global_colors_info=\u00bb{}\u00bb][\/et_pb_image][\/et_pb_column][et_pb_column type=\u00bb3_5&#8243; _builder_version=\u00bb3.25&#8243; custom_padding=\u00bb|||\u00bb global_colors_info=\u00bb{}\u00bb custom_padding__hover=\u00bb|||\u00bb][et_pb_text _builder_version=\u00bb4.14.5&#8243; _module_preset=\u00bbdefault\u00bb global_colors_info=\u00bb{}\u00bb]<\/p>\n<p>La enfermedad periodontal provoca la p\u00e9rdida de hueso que sujeta los dientes. Es una enfermedad silenciosa, cr\u00f3nica que provoca la p\u00e9rdida de piezas dentales si no se trata a tiempo.<br \/>Los s\u00edntomas principales son:<\/p>\n<p>-Inflamaci\u00f3n de enc\u00edas<\/p>\n<p>-Sangrado de enc\u00edas<\/p>\n<p>-Mal aliento<\/p>\n<p>-Movilidad de las piezas dentales<\/p>\n<p><strong>En cl\u00ednica Dental Giariber<\/strong> nos preocupamos por la salud de tu boca y somos especialistas en el cuidado de tus enc\u00edas desde los primeros signos de la enfermedad para evitar a nuestros pacientes la perdida de piezas dentales.<\/p>\n<p>&nbsp;<\/p>\n<p>&nbsp;<\/p>\n<p>.<\/p>\n<p>[\/et_pb_text][\/et_pb_column][\/et_pb_row][\/et_pb_section]<\/p>\n","protected":false},"excerpt":{"rendered":"<p>PERIODONCIALa enfermedad periodontal provoca la p\u00e9rdida de hueso que sujeta los dientes. Es una enfermedad silenciosa, cr\u00f3nica que provoca la p\u00e9rdida de piezas dentales si no se trata a tiempo.Los s\u00edntomas principales son: -Inflamaci\u00f3n de enc\u00edas -Sangrado de enc\u00edas -Mal aliento -Movilidad de las piezas dentales En cl\u00ednica Dental Giariber nos preocupamos por la salud [&hellip;]<\/p>\n","protected":false},"author":1,"featured_media":0,"parent":0,"menu_order":0,"comment_status":"closed","ping_status":"closed","template":"","meta":{"_et_pb_use_builder":"on","_et_pb_old_content":"<p>Periodoncia<\/p>","_et_gb_content_width":"","footnotes":""},"class_list":["post-169","page","type-page","status-publish","hentry"],"_links":{"self":[{"href":"https:\/\/CLINICADENTALGIARIBER.ES\/index.php?rest_route=\/wp\/v2\/pages\/169","targetHints":{"allow":["GET"]}}],"collection":[{"href":"https:\/\/CLINICADENTALGIARIBER.ES\/index.php?rest_route=\/wp\/v2\/pages"}],"about":[{"href":"https:\/\/CLINICADENTALGIARIBER.ES\/index.php?rest_route=\/wp\/v2\/types\/page"}],"author":[{"embeddable":true,"href":"https:\/\/CLINICADENTALGIARIBER.ES\/index.php?rest_route=\/wp\/v2\/users\/1"}],"replies":[{"embeddable":true,"href":"https:\/\/CLINICADENTALGIARIBER.ES\/index.php?rest_route=%2Fwp%2Fv2%2Fcomments&post=169"}],"version-history":[{"count":7,"href":"https:\/\/CLINICADENTALGIARIBER.ES\/index.php?rest_route=\/wp\/v2\/pages\/169\/revisions"}],"predecessor-version":[{"id":510,"href":"https:\/\/CLINICADENTALGIARIBER.ES\/index.php?rest_route=\/wp\/v2\/pages\/169\/revisions\/510"}],"wp:attachment":[{"href":"https:\/\/CLINICADENTALGIARIBER.ES\/index.php?rest_route=%2Fwp%2Fv2%2Fmedia&parent=169"}],"curies":[{"name":"wp","href":"https:\/\/api.w.org\/{rel}","templated":true}]}}