{"id":176,"date":"2022-01-18T12:56:58","date_gmt":"2022-01-18T12:56:58","guid":{"rendered":"https:\/\/CLINICADENTALGIARIBER.ES\/?page_id=176"},"modified":"2022-01-25T23:13:05","modified_gmt":"2022-01-25T23:13:05","slug":"protesis-2","status":"publish","type":"page","link":"https:\/\/CLINICADENTALGIARIBER.ES\/?page_id=176","title":{"rendered":"Pr\u00f3tesis dentales"},"content":{"rendered":"<p>[et_pb_section fb_built=\u00bb1&#8243; admin_label=\u00bbsection\u00bb _builder_version=\u00bb4.14.7&#8243; background_image=\u00bbhttps:\/\/CLINICADENTALGIARIBER.ES\/wp-content\/uploads\/2022\/01\/surface-455124_1920.jpg\u00bb global_colors_info=\u00bb{}\u00bb][et_pb_row _builder_version=\u00bb4.14.5&#8243; _module_preset=\u00bbdefault\u00bb global_colors_info=\u00bb{}\u00bb][et_pb_column type=\u00bb4_4&#8243; _builder_version=\u00bb4.14.5&#8243; _module_preset=\u00bbdefault\u00bb global_colors_info=\u00bb{}\u00bb][et_pb_text _builder_version=\u00bb4.14.7&#8243; _module_preset=\u00bbdefault\u00bb custom_padding=\u00bb2px|||||\u00bb text_text_shadow_style=\u00bbpreset5&#8243; text_text_shadow_color=\u00bb#00457A\u00bb global_colors_info=\u00bb{}\u00bb]<\/p>\n<h1 style=\"text-align: center; padding-left: 40px;\"><span style=\"color: #ffffff;\"><strong>PROTESIS DENTALES<\/strong><\/span><\/h1>\n<p>[\/et_pb_text][\/et_pb_column][\/et_pb_row][\/et_pb_section][et_pb_section fb_built=\u00bb1&#8243; _builder_version=\u00bb4.14.5&#8243; _module_preset=\u00bbdefault\u00bb global_colors_info=\u00bb{}\u00bb][et_pb_row column_structure=\u00bb2_5,3_5&#8243; admin_label=\u00bbrow\u00bb _builder_version=\u00bb4.14.5&#8243; background_size=\u00bbinitial\u00bb background_position=\u00bbtop_left\u00bb background_repeat=\u00bbrepeat\u00bb global_colors_info=\u00bb{}\u00bb][et_pb_column type=\u00bb2_5&#8243; _builder_version=\u00bb3.25&#8243; custom_padding=\u00bb|||\u00bb global_colors_info=\u00bb{}\u00bb custom_padding__hover=\u00bb|||\u00bb][et_pb_image src=\u00bbhttps:\/\/CLINICADENTALGIARIBER.ES\/wp-content\/uploads\/2022\/01\/protesis.jpg\u00bb title_text=\u00bbprotesis\u00bb _builder_version=\u00bb4.14.5&#8243; _module_preset=\u00bbdefault\u00bb global_colors_info=\u00bb{}\u00bb][\/et_pb_image][\/et_pb_column][et_pb_column type=\u00bb3_5&#8243; _builder_version=\u00bb3.25&#8243; custom_padding=\u00bb|||\u00bb global_colors_info=\u00bb{}\u00bb custom_padding__hover=\u00bb|||\u00bb][et_pb_text _builder_version=\u00bb4.14.6&#8243; _module_preset=\u00bbdefault\u00bb global_colors_info=\u00bb{}\u00bb]<\/p>\n<p>En nuestra cl\u00ednica contamos con los medios m\u00e1s avanzados para restituir o reponer los dientes perdidos mediante pr\u00f3tesis bien sea removible (de quitar y poner) o fija.<\/p>\n<p>&nbsp;<\/p>\n<p>Una\u00a0<strong>pr\u00f3tesis dental<\/strong>\u00a0consiste en un aparato fabricado a medida de la boca del paciente que\u00a0<strong>sustituye una o varias piezas dentales<\/strong><strong>\u00a0<\/strong>perdidas.<\/p>\n<p>Existe una\u00a0<strong>gran variedad de pr\u00f3tesis, fijas o removibles<\/strong><span style=\"color: #808080;\">,<\/span> en funci\u00f3n de las necesidades de cada persona.<\/p>\n<p><span style=\"text-decoration: underline;\"><strong>La pr\u00f3tesis dental fija<\/strong><\/span><\/p>\n<p>En la actualidad las coronas (o fundas) de porcelana que ofrecemos a nuestros pacientes presentan <strong>una estructura libre de metal que ha sido sustituido por al\u00famina o zirconio. Estos nuevos materiales hacen que el aspecto de la corona sea completamente natural adem\u00e1s de proporcionar gran resistencia.<\/strong> Cabe destacar tambi\u00e9n que al carecer de metal se minimiza el riesgo de alergias.<\/p>\n<p>&nbsp;<\/p>\n<p>Se coloca sobre dientes naturales o sobre implantes. Este tipo de pr\u00f3tesis fija <strong>no puede ser retirada por el paciente<\/strong> y es <strong>muy similar a los dientes naturales<\/strong>.<\/p>\n<p><span style=\"text-decoration: underline;\"><strong>La pr\u00f3tesis removible<\/strong><\/span><\/p>\n<p>Hoy en d\u00eda existen pacientes que a\u00fan por diferentes condicionamientos desean rehabilitar su boca mediante el uso de pr\u00f3tesis removible (de quitar y poner). Junto con los materiales convencionales (esquel\u00e9ticos y acr\u00edlicos) podemos ofrecer a nuestros pacientes materiales de \u00faltima generaci\u00f3n que nos permiten hacer aparatos <strong>flexibles, muy c\u00f3modos y sin ganchos met\u00e1licos.<\/strong><\/p>\n<p>Cualquiera que sea tu problema, ac\u00e9rcate a conocernos y nuestros especialistas buscar\u00e1n la soluci\u00f3n prot\u00e9sica m\u00e1s adaptada a ti, con las mejores condiciones econ\u00f3micas.<\/p>\n<p>&nbsp;<\/p>\n<p>&nbsp;<\/p>\n<p>&nbsp;<\/p>\n<p>[\/et_pb_text][\/et_pb_column][\/et_pb_row][\/et_pb_section]<\/p>\n","protected":false},"excerpt":{"rendered":"<p>PROTESIS DENTALESEn nuestra cl\u00ednica contamos con los medios m\u00e1s avanzados para restituir o reponer los dientes perdidos mediante pr\u00f3tesis bien sea removible (de quitar y poner) o fija. &nbsp; Una\u00a0pr\u00f3tesis dental\u00a0consiste en un aparato fabricado a medida de la boca del paciente que\u00a0sustituye una o varias piezas dentales\u00a0perdidas. Existe una\u00a0gran variedad de pr\u00f3tesis, fijas o [&hellip;]<\/p>\n","protected":false},"author":1,"featured_media":0,"parent":0,"menu_order":0,"comment_status":"closed","ping_status":"closed","template":"","meta":{"_et_pb_use_builder":"on","_et_pb_old_content":"","_et_gb_content_width":"","footnotes":""},"class_list":["post-176","page","type-page","status-publish","hentry"],"_links":{"self":[{"href":"https:\/\/CLINICADENTALGIARIBER.ES\/index.php?rest_route=\/wp\/v2\/pages\/176","targetHints":{"allow":["GET"]}}],"collection":[{"href":"https:\/\/CLINICADENTALGIARIBER.ES\/index.php?rest_route=\/wp\/v2\/pages"}],"about":[{"href":"https:\/\/CLINICADENTALGIARIBER.ES\/index.php?rest_route=\/wp\/v2\/types\/page"}],"author":[{"embeddable":true,"href":"https:\/\/CLINICADENTALGIARIBER.ES\/index.php?rest_route=\/wp\/v2\/users\/1"}],"replies":[{"embeddable":true,"href":"https:\/\/CLINICADENTALGIARIBER.ES\/index.php?rest_route=%2Fwp%2Fv2%2Fcomments&post=176"}],"version-history":[{"count":8,"href":"https:\/\/CLINICADENTALGIARIBER.ES\/index.php?rest_route=\/wp\/v2\/pages\/176\/revisions"}],"predecessor-version":[{"id":517,"href":"https:\/\/CLINICADENTALGIARIBER.ES\/index.php?rest_route=\/wp\/v2\/pages\/176\/revisions\/517"}],"wp:attachment":[{"href":"https:\/\/CLINICADENTALGIARIBER.ES\/index.php?rest_route=%2Fwp%2Fv2%2Fmedia&parent=176"}],"curies":[{"name":"wp","href":"https:\/\/api.w.org\/{rel}","templated":true}]}}