{"id":182,"date":"2022-01-18T12:56:57","date_gmt":"2022-01-18T12:56:57","guid":{"rendered":"https:\/\/CLINICADENTALGIARIBER.ES\/?page_id=182"},"modified":"2022-01-25T21:54:40","modified_gmt":"2022-01-25T21:54:40","slug":"ortodoncia-general","status":"publish","type":"page","link":"https:\/\/CLINICADENTALGIARIBER.ES\/?page_id=182","title":{"rendered":"Ortodoncia general"},"content":{"rendered":"<p>[et_pb_section fb_built=\u00bb1&#8243; admin_label=\u00bbsection\u00bb _builder_version=\u00bb4.14.7&#8243; background_image=\u00bbhttps:\/\/CLINICADENTALGIARIBER.ES\/wp-content\/uploads\/2022\/01\/surface-455124_1920.jpg\u00bb global_colors_info=\u00bb{}\u00bb][et_pb_row _builder_version=\u00bb4.14.6&#8243; _module_preset=\u00bbdefault\u00bb background_color=\u00bbRGBA(255,255,255,0)\u00bb animation_style=\u00bbfade\u00bb animation_duration=\u00bb1100ms\u00bb global_colors_info=\u00bb{}\u00bb][et_pb_column type=\u00bb4_4&#8243; _builder_version=\u00bb4.14.5&#8243; _module_preset=\u00bbdefault\u00bb global_colors_info=\u00bb{}\u00bb][et_pb_text _builder_version=\u00bb4.14.7&#8243; _module_preset=\u00bbdefault\u00bb hover_enabled=\u00bb0&#8243; global_colors_info=\u00bb{}\u00bb text_text_shadow_style=\u00bbpreset5&#8243; text_text_shadow_color=\u00bb#00457A\u00bb sticky_enabled=\u00bb0&#8243;]<\/p>\n<h1 style=\"padding-left: 40px; text-align: center;\"><span style=\"color: #ffffff;\"><b>ORTODONCIA GENERAL<\/b><\/span><\/h1>\n<p>[\/et_pb_text][\/et_pb_column][\/et_pb_row][\/et_pb_section][et_pb_section fb_built=\u00bb1&#8243; _builder_version=\u00bb4.14.5&#8243; _module_preset=\u00bbdefault\u00bb global_colors_info=\u00bb{}\u00bb][et_pb_row column_structure=\u00bb1_3,1_3,1_3&#8243; _builder_version=\u00bb4.14.5&#8243; _module_preset=\u00bbdefault\u00bb global_colors_info=\u00bb{}\u00bb][et_pb_column type=\u00bb1_3&#8243; _builder_version=\u00bb4.14.5&#8243; _module_preset=\u00bbdefault\u00bb global_colors_info=\u00bb{}\u00bb][et_pb_image src=\u00bbhttps:\/\/CLINICADENTALGIARIBER.ES\/wp-content\/uploads\/2022\/01\/ORTODONCIA.jpg\u00bb title_text=\u00bbORTODONCIA\u00bb _builder_version=\u00bb4.14.5&#8243; _module_preset=\u00bbdefault\u00bb global_colors_info=\u00bb{}\u00bb][\/et_pb_image][\/et_pb_column][et_pb_column type=\u00bb1_3&#8243; _builder_version=\u00bb4.14.5&#8243; _module_preset=\u00bbdefault\u00bb global_colors_info=\u00bb{}\u00bb][et_pb_image src=\u00bbhttps:\/\/CLINICADENTALGIARIBER.ES\/wp-content\/uploads\/2022\/01\/ORTODONCIA-1.jpg\u00bb title_text=\u00bbORTODONCIA 1&#8243; _builder_version=\u00bb4.14.5&#8243; _module_preset=\u00bbdefault\u00bb global_colors_info=\u00bb{}\u00bb][\/et_pb_image][\/et_pb_column][et_pb_column type=\u00bb1_3&#8243; _builder_version=\u00bb4.14.5&#8243; _module_preset=\u00bbdefault\u00bb global_colors_info=\u00bb{}\u00bb][et_pb_image src=\u00bbhttps:\/\/CLINICADENTALGIARIBER.ES\/wp-content\/uploads\/2022\/01\/ORTODONCIA-3.jpg\u00bb title_text=\u00bbORTODONCIA 3&#8243; _builder_version=\u00bb4.14.5&#8243; _module_preset=\u00bbdefault\u00bb global_colors_info=\u00bb{}\u00bb][\/et_pb_image][\/et_pb_column][\/et_pb_row][et_pb_row _builder_version=\u00bb4.14.5&#8243; _module_preset=\u00bbdefault\u00bb global_colors_info=\u00bb{}\u00bb][et_pb_column type=\u00bb4_4&#8243; _builder_version=\u00bb4.14.5&#8243; _module_preset=\u00bbdefault\u00bb global_colors_info=\u00bb{}\u00bb][et_pb_text _builder_version=\u00bb4.14.5&#8243; _module_preset=\u00bbdefault\u00bb global_colors_info=\u00bb{}\u00bb]<\/p>\n<p>&nbsp;<\/p>\n<p>&nbsp;<\/p>\n<p>\u00a0 En la actualidad es posible tratar problemas de colocaci\u00f3n de dientes a cualquier edad. Utilizamos todas las t\u00e9cnicas existentes para devolver a tu boca una preciosa sonrisa que adem\u00e1s te permita masticar correctamente.<\/p>\n<p>&nbsp;<\/p>\n<p>&nbsp;<\/p>\n<p><strong>ORTODONCIA FIJA<\/strong><\/p>\n<p>Mediante el uso de brackets, met\u00e1licos o cer\u00e1micos de AUTOLIGADO PASIVO que nos proporcionan \u00f3ptimos resultados con menos molestia y acortando los tiempos de tratamiento. Adem\u00e1s permiten evitar extracciones de piezas dentarias en la mayor\u00eda de los casos en los que exista falta de espacio.<\/p>\n<p><strong>ORTODONCIA REMOVIBLE Y\/O FUNCIONAL:<\/strong><\/p>\n<p>Hay casos que pueden requerir , debido al desarrollo \u00f3seo y dentario del paciente,\u00a0 el uso de una aparatolog\u00eda a edad temprana con el fin de corregir de forma precoz los problemas existentes o evitando posteriores complicaciones u anomal\u00edas en el futuro desarrollo del ni\u00f1o, permitiendo as\u00ed\u00a0 un crecimiento con normalidad.<\/p>\n<p>Con esta Ortodoncia interceptiva ayudaremos a mejorar el crecimiento y desarrollo del hueso maxilar y la mand\u00edbula en trastornos frecuentes como por ejemplo: paladar estrecho, mordidas invertidas, mordidas abiertas, malos h\u00e1bitos como succi\u00f3n del dedo o respiraci\u00f3n bucal.<\/p>\n<p>&nbsp;<\/p>\n<p>[\/et_pb_text][\/et_pb_column][\/et_pb_row][\/et_pb_section]<\/p>\n","protected":false},"excerpt":{"rendered":"<p>ORTODONCIA GENERAL&nbsp; &nbsp; \u00a0 En la actualidad es posible tratar problemas de colocaci\u00f3n de dientes a cualquier edad. Utilizamos todas las t\u00e9cnicas existentes para devolver a tu boca una preciosa sonrisa que adem\u00e1s te permita masticar correctamente. &nbsp; &nbsp; ORTODONCIA FIJA Mediante el uso de brackets, met\u00e1licos o cer\u00e1micos de AUTOLIGADO PASIVO que nos proporcionan [&hellip;]<\/p>\n","protected":false},"author":1,"featured_media":0,"parent":0,"menu_order":0,"comment_status":"closed","ping_status":"closed","template":"","meta":{"_et_pb_use_builder":"on","_et_pb_old_content":"","_et_gb_content_width":"","footnotes":""},"class_list":["post-182","page","type-page","status-publish","hentry"],"_links":{"self":[{"href":"https:\/\/CLINICADENTALGIARIBER.ES\/index.php?rest_route=\/wp\/v2\/pages\/182","targetHints":{"allow":["GET"]}}],"collection":[{"href":"https:\/\/CLINICADENTALGIARIBER.ES\/index.php?rest_route=\/wp\/v2\/pages"}],"about":[{"href":"https:\/\/CLINICADENTALGIARIBER.ES\/index.php?rest_route=\/wp\/v2\/types\/page"}],"author":[{"embeddable":true,"href":"https:\/\/CLINICADENTALGIARIBER.ES\/index.php?rest_route=\/wp\/v2\/users\/1"}],"replies":[{"embeddable":true,"href":"https:\/\/CLINICADENTALGIARIBER.ES\/index.php?rest_route=%2Fwp%2Fv2%2Fcomments&post=182"}],"version-history":[{"count":8,"href":"https:\/\/CLINICADENTALGIARIBER.ES\/index.php?rest_route=\/wp\/v2\/pages\/182\/revisions"}],"predecessor-version":[{"id":495,"href":"https:\/\/CLINICADENTALGIARIBER.ES\/index.php?rest_route=\/wp\/v2\/pages\/182\/revisions\/495"}],"wp:attachment":[{"href":"https:\/\/CLINICADENTALGIARIBER.ES\/index.php?rest_route=%2Fwp%2Fv2%2Fmedia&parent=182"}],"curies":[{"name":"wp","href":"https:\/\/api.w.org\/{rel}","templated":true}]}}