{"id":202,"date":"2022-01-18T12:56:56","date_gmt":"2022-01-18T12:56:56","guid":{"rendered":"https:\/\/CLINICADENTALGIARIBER.ES\/?page_id=202"},"modified":"2022-01-26T18:28:48","modified_gmt":"2022-01-26T18:28:48","slug":"bruxismo","status":"publish","type":"page","link":"https:\/\/CLINICADENTALGIARIBER.ES\/?page_id=202","title":{"rendered":"Bruxismo"},"content":{"rendered":"<p>[et_pb_section fb_built=\u00bb1&#8243; admin_label=\u00bbsection\u00bb _builder_version=\u00bb4.14.7&#8243; background_image=\u00bbhttps:\/\/CLINICADENTALGIARIBER.ES\/wp-content\/uploads\/2022\/01\/surface-455124_1920.jpg\u00bb global_colors_info=\u00bb{}\u00bb][et_pb_row _builder_version=\u00bb4.14.5&#8243; _module_preset=\u00bbdefault\u00bb custom_margin=\u00bb|auto|124px|auto||\u00bb global_colors_info=\u00bb{}\u00bb][et_pb_column type=\u00bb4_4&#8243; _builder_version=\u00bb4.14.5&#8243; _module_preset=\u00bbdefault\u00bb global_colors_info=\u00bb{}\u00bb][et_pb_text _builder_version=\u00bb4.14.7&#8243; _module_preset=\u00bbdefault\u00bb text_font_size=\u00bb40px\u00bb module_alignment=\u00bbcenter\u00bb hover_enabled=\u00bb0&#8243; text_text_shadow_style=\u00bbpreset5&#8243; text_text_shadow_color=\u00bb#00457A\u00bb global_colors_info=\u00bb{}\u00bb text_text_shadow_horizontal_length=\u00bb0.03em\u00bb sticky_enabled=\u00bb0&#8243;]<\/p>\n<h1 style=\"text-align: center; padding-left: 40px;\"><strong><span style=\"color: #ffffff;\">BRUXISMO<\/span><\/strong><\/h1>\n<p>[\/et_pb_text][\/et_pb_column][\/et_pb_row][\/et_pb_section][et_pb_section fb_built=\u00bb1&#8243; _builder_version=\u00bb4.14.5&#8243; _module_preset=\u00bbdefault\u00bb custom_margin=\u00bb-124px|||||\u00bb global_colors_info=\u00bb{}\u00bb][et_pb_row column_structure=\u00bb2_5,3_5&#8243; admin_label=\u00bbrow\u00bb _builder_version=\u00bb4.14.5&#8243; background_size=\u00bbinitial\u00bb background_position=\u00bbtop_left\u00bb background_repeat=\u00bbrepeat\u00bb global_colors_info=\u00bb{}\u00bb][et_pb_column type=\u00bb2_5&#8243; _builder_version=\u00bb3.25&#8243; custom_padding=\u00bb|||\u00bb global_colors_info=\u00bb{}\u00bb custom_padding__hover=\u00bb|||\u00bb][et_pb_image src=\u00bbhttps:\/\/CLINICADENTALGIARIBER.ES\/wp-content\/uploads\/2022\/01\/BRUXIXMO.jpg\u00bb title_text=\u00bbBRUXIXMO\u00bb _builder_version=\u00bb4.14.5&#8243; _module_preset=\u00bbdefault\u00bb global_colors_info=\u00bb{}\u00bb][\/et_pb_image][\/et_pb_column][et_pb_column type=\u00bb3_5&#8243; _builder_version=\u00bb3.25&#8243; custom_padding=\u00bb|||\u00bb global_colors_info=\u00bb{}\u00bb custom_padding__hover=\u00bb|||\u00bb][et_pb_text _builder_version=\u00bb4.14.5&#8243; _module_preset=\u00bbdefault\u00bb custom_padding=\u00bb||0px|||\u00bb global_colors_info=\u00bb{}\u00bb]<\/p>\n<p><strong>La ATM es la articulaci\u00f3n que une el hueso temporal del cr\u00e1neo con la mand\u00edbula.<\/strong> Sus problemas se manifiestan de muy diferente manera (dolor en el o\u00eddo, dolor de cabeza, ruidos y chasquidos en la articulaci\u00f3n, etc&#8230;) por lo que pueden pasar desapercibidos.<\/p>\n<p><strong>Su origen suele ser multifactorial: apretamiento dentario (bruxismo), stress, enfermedades sist\u00e9micas, problemas de oclusi\u00f3n dental&#8230;<\/strong> En la primera visita de cada uno de nuestros pacientes hacemos un chequeo completo en busca de signos que nos pongan en sobre aviso. Una vez diagnosticado el problema instauraremos el tratamiento m\u00e1s adecuado: desde <strong>ejercicios de fisioterapia<\/strong> hasta la utilizaci\u00f3n de<strong> F\u00c9RULAS oclusales<\/strong> (dispositivos intraorales de quita y pon a medida del paciente que llevados unas horas al d\u00eda consiguen la remisi\u00f3n de los s\u00edntomas).<\/p>\n<p>[\/et_pb_text][\/et_pb_column][\/et_pb_row][\/et_pb_section]<\/p>\n","protected":false},"excerpt":{"rendered":"<p>BRUXISMOLa ATM es la articulaci\u00f3n que une el hueso temporal del cr\u00e1neo con la mand\u00edbula. Sus problemas se manifiestan de muy diferente manera (dolor en el o\u00eddo, dolor de cabeza, ruidos y chasquidos en la articulaci\u00f3n, etc&#8230;) por lo que pueden pasar desapercibidos. Su origen suele ser multifactorial: apretamiento dentario (bruxismo), stress, enfermedades sist\u00e9micas, problemas [&hellip;]<\/p>\n","protected":false},"author":1,"featured_media":0,"parent":0,"menu_order":0,"comment_status":"closed","ping_status":"closed","template":"","meta":{"_et_pb_use_builder":"on","_et_pb_old_content":"","_et_gb_content_width":"","footnotes":""},"class_list":["post-202","page","type-page","status-publish","hentry"],"_links":{"self":[{"href":"https:\/\/CLINICADENTALGIARIBER.ES\/index.php?rest_route=\/wp\/v2\/pages\/202","targetHints":{"allow":["GET"]}}],"collection":[{"href":"https:\/\/CLINICADENTALGIARIBER.ES\/index.php?rest_route=\/wp\/v2\/pages"}],"about":[{"href":"https:\/\/CLINICADENTALGIARIBER.ES\/index.php?rest_route=\/wp\/v2\/types\/page"}],"author":[{"embeddable":true,"href":"https:\/\/CLINICADENTALGIARIBER.ES\/index.php?rest_route=\/wp\/v2\/users\/1"}],"replies":[{"embeddable":true,"href":"https:\/\/CLINICADENTALGIARIBER.ES\/index.php?rest_route=%2Fwp%2Fv2%2Fcomments&post=202"}],"version-history":[{"count":11,"href":"https:\/\/CLINICADENTALGIARIBER.ES\/index.php?rest_route=\/wp\/v2\/pages\/202\/revisions"}],"predecessor-version":[{"id":528,"href":"https:\/\/CLINICADENTALGIARIBER.ES\/index.php?rest_route=\/wp\/v2\/pages\/202\/revisions\/528"}],"wp:attachment":[{"href":"https:\/\/CLINICADENTALGIARIBER.ES\/index.php?rest_route=%2Fwp%2Fv2%2Fmedia&parent=202"}],"curies":[{"name":"wp","href":"https:\/\/api.w.org\/{rel}","templated":true}]}}