{"id":746,"date":"2022-09-23T09:43:04","date_gmt":"2022-09-23T09:43:04","guid":{"rendered":"https:\/\/CLINICADENTALGIARIBER.ES\/?page_id=746"},"modified":"2022-09-26T09:38:13","modified_gmt":"2022-09-26T09:38:13","slug":"amalgama","status":"publish","type":"page","link":"https:\/\/CLINICADENTALGIARIBER.ES\/?page_id=746","title":{"rendered":"Amalgama"},"content":{"rendered":"<p>[et_pb_section fb_built=\u00bb1&#8243; admin_label=\u00bbsection\u00bb _builder_version=\u00bb4.14.7&#8243; use_background_color_gradient=\u00bbon\u00bb background_color_gradient_start=\u00bb#ffffff\u00bb background_color_gradient_end=\u00bb#ffffff\u00bb background_image=\u00bbhttps:\/\/CLINICADENTALGIARIBER.ES\/wp-content\/uploads\/2022\/01\/surface-455124_1920.jpg\u00bb parallax=\u00bbon\u00bb global_colors_info=\u00bb{}\u00bb][et_pb_row _builder_version=\u00bb4.14.6&#8243; _module_preset=\u00bbdefault\u00bb global_colors_info=\u00bb{}\u00bb][et_pb_column type=\u00bb4_4&#8243; _builder_version=\u00bb4.14.5&#8243; _module_preset=\u00bbdefault\u00bb global_colors_info=\u00bb{}\u00bb][et_pb_text _builder_version=\u00bb4.14.7&#8243; _module_preset=\u00bbdefault\u00bb hover_enabled=\u00bb0&#8243; text_text_shadow_style=\u00bbpreset1&#8243; text_text_shadow_color=\u00bb#00208A\u00bb global_colors_info=\u00bb{}\u00bb sticky_enabled=\u00bb0&#8243; text_orientation=\u00bbcenter\u00bb text_text_color=\u00bb#FFFFFF\u00bb text_font_size=\u00bb30px\u00bb background_layout=\u00bbdark\u00bb text_font=\u00bb|700|||||||\u00bb]PROTOCOLO DE EXTRACCI\u00d3N SEGURA DE AMALGAMAS[\/et_pb_text][\/et_pb_column][\/et_pb_row][\/et_pb_section][et_pb_section fb_built=\u00bb1&#8243; _builder_version=\u00bb4.14.5&#8243; _module_preset=\u00bbdefault\u00bb global_colors_info=\u00bb{}\u00bb][et_pb_row column_structure=\u00bb2_5,3_5&#8243; admin_label=\u00bbrow\u00bb _builder_version=\u00bb4.14.5&#8243; background_size=\u00bbinitial\u00bb background_position=\u00bbtop_left\u00bb background_repeat=\u00bbrepeat\u00bb global_colors_info=\u00bb{}\u00bb][et_pb_column type=\u00bb2_5&#8243; _builder_version=\u00bb3.25&#8243; custom_padding=\u00bb|||\u00bb global_colors_info=\u00bb{}\u00bb custom_padding__hover=\u00bb|||\u00bb][et_pb_image src=\u00bbhttps:\/\/CLINICADENTALGIARIBER.ES\/wp-content\/uploads\/2022\/09\/amalgama-dental.jpg\u00bb title_text=\u00bbamalgama-dental\u00bb _builder_version=\u00bb4.14.7&#8243; _module_preset=\u00bbdefault\u00bb hover_enabled=\u00bb0&#8243; global_colors_info=\u00bb{}\u00bb sticky_enabled=\u00bb0&#8243;][\/et_pb_image][\/et_pb_column][et_pb_column type=\u00bb3_5&#8243; _builder_version=\u00bb3.25&#8243; custom_padding=\u00bb|||\u00bb global_colors_info=\u00bb{}\u00bb custom_padding__hover=\u00bb|||\u00bb][et_pb_text _builder_version=\u00bb4.14.5&#8243; _module_preset=\u00bbdefault\u00bb global_colors_info=\u00bb{}\u00bb]<\/p>\n<p style=\"text-align: justify;\"><span>Las amalgamas dentales son empastes met\u00e1licos que est\u00e1n compuestos por plata, cobre, mercurio y esta\u00f1o. Son los empastes m\u00e1s antiguos en odontolog\u00eda y que hoy est\u00e1n en completo desuso.\u00a0<\/span><\/p>\n<p style=\"text-align: justify;\"><span>La retirada de los empastes de amalgama es un proceso delicado que requiere un estricto protocolo para proteger al paciente durante la intervenci\u00f3n y evitar la inhalaci\u00f3n o ingesta del mercurio y sus vapores que podr\u00edan suponer una intoxicaci\u00f3n.<\/span><\/p>\n<p style=\"text-align: justify;\">Este protocolo es avalado por la <span>International Academy\u00a0 of Oral Medicine and Toxicology (IAOMT).<\/span><span><\/span><\/p>\n<p style=\"text-align: justify;\"><span>Una vez finalizada la extracci\u00f3n de toda la amalgama dental, la elecci\u00f3n del material sustituto va acompa\u00f1ado de un alto criterio biol\u00f3gico, usando as\u00ed materiales libres de metales y libre de bisfenol a, es decir, altamente biocompatibles.<\/span><\/p>\n<p>&nbsp;<\/p>\n<p><span><\/span><\/p>\n<p>[\/et_pb_text][\/et_pb_column][\/et_pb_row][\/et_pb_section]<\/p>\n","protected":false},"excerpt":{"rendered":"<p>PROTOCOLO DE EXTRACCI\u00d3N SEGURA DE AMALGAMASLas amalgamas dentales son empastes met\u00e1licos que est\u00e1n compuestos por plata, cobre, mercurio y esta\u00f1o. Son los empastes m\u00e1s antiguos en odontolog\u00eda y que hoy est\u00e1n en completo desuso.\u00a0 La retirada de los empastes de amalgama es un proceso delicado que requiere un estricto protocolo para proteger al paciente durante [&hellip;]<\/p>\n","protected":false},"author":2,"featured_media":0,"parent":0,"menu_order":0,"comment_status":"closed","ping_status":"closed","template":"","meta":{"_et_pb_use_builder":"on","_et_pb_old_content":"","_et_gb_content_width":"","footnotes":""},"class_list":["post-746","page","type-page","status-publish","hentry"],"yoast_head":"<!-- This site is optimized with the Yoast SEO plugin v27.5 - https:\/\/yoast.com\/product\/yoast-seo-wordpress\/ -->\n<title>Amalgama - Cl\u00ednica dental Giariber<\/title>\n<meta name=\"robots\" content=\"index, follow, max-snippet:-1, max-image-preview:large, max-video-preview:-1\" \/>\n<link rel=\"canonical\" href=\"https:\/\/CLINICADENTALGIARIBER.ES\/?page_id=746\" \/>\n<meta property=\"og:locale\" content=\"es_ES\" \/>\n<meta property=\"og:type\" content=\"article\" \/>\n<meta property=\"og:title\" content=\"Amalgama - Cl\u00ednica dental Giariber\" \/>\n<meta property=\"og:description\" content=\"PROTOCOLO DE EXTRACCI\u00d3N SEGURA DE AMALGAMASLas amalgamas dentales son empastes met\u00e1licos que est\u00e1n compuestos por plata, cobre, mercurio y esta\u00f1o. Son los empastes m\u00e1s antiguos en odontolog\u00eda y que hoy est\u00e1n en completo desuso.\u00a0 La retirada de los empastes de amalgama es un proceso delicado que requiere un estricto protocolo para proteger al paciente durante [&hellip;]\" \/>\n<meta property=\"og:url\" content=\"https:\/\/CLINICADENTALGIARIBER.ES\/?page_id=746\" \/>\n<meta property=\"og:site_name\" content=\"Cl\u00ednica dental Giariber\" \/>\n<meta property=\"article:modified_time\" content=\"2022-09-26T09:38:13+00:00\" \/>\n<meta name=\"twitter:card\" content=\"summary_large_image\" \/>\n<meta name=\"twitter:label1\" content=\"Tiempo de lectura\" \/>\n\t<meta name=\"twitter:data1\" content=\"2 minutos\" \/>\n<script type=\"application\/ld+json\" class=\"yoast-schema-graph\">{\"@context\":\"https:\\\/\\\/schema.org\",\"@graph\":[{\"@type\":\"WebPage\",\"@id\":\"https:\\\/\\\/CLINICADENTALGIARIBER.ES\\\/?page_id=746\",\"url\":\"https:\\\/\\\/CLINICADENTALGIARIBER.ES\\\/?page_id=746\",\"name\":\"Amalgama - Cl\u00ednica dental Giariber\",\"isPartOf\":{\"@id\":\"https:\\\/\\\/CLINICADENTALGIARIBER.ES\\\/#website\"},\"datePublished\":\"2022-09-23T09:43:04+00:00\",\"dateModified\":\"2022-09-26T09:38:13+00:00\",\"breadcrumb\":{\"@id\":\"https:\\\/\\\/CLINICADENTALGIARIBER.ES\\\/?page_id=746#breadcrumb\"},\"inLanguage\":\"es\",\"potentialAction\":[{\"@type\":\"ReadAction\",\"target\":[\"https:\\\/\\\/CLINICADENTALGIARIBER.ES\\\/?page_id=746\"]}]},{\"@type\":\"BreadcrumbList\",\"@id\":\"https:\\\/\\\/CLINICADENTALGIARIBER.ES\\\/?page_id=746#breadcrumb\",\"itemListElement\":[{\"@type\":\"ListItem\",\"position\":1,\"name\":\"Portada\",\"item\":\"https:\\\/\\\/CLINICADENTALGIARIBER.ES\\\/\"},{\"@type\":\"ListItem\",\"position\":2,\"name\":\"Amalgama\"}]},{\"@type\":\"WebSite\",\"@id\":\"https:\\\/\\\/CLINICADENTALGIARIBER.ES\\\/#website\",\"url\":\"https:\\\/\\\/CLINICADENTALGIARIBER.ES\\\/\",\"name\":\"Cl\u00ednica dental Giariber\",\"description\":\"Tu cl\u00ednica dental en La Coru\u00f1a\",\"publisher\":{\"@id\":\"https:\\\/\\\/CLINICADENTALGIARIBER.ES\\\/#organization\"},\"potentialAction\":[{\"@type\":\"SearchAction\",\"target\":{\"@type\":\"EntryPoint\",\"urlTemplate\":\"https:\\\/\\\/CLINICADENTALGIARIBER.ES\\\/?s={search_term_string}\"},\"query-input\":{\"@type\":\"PropertyValueSpecification\",\"valueRequired\":true,\"valueName\":\"search_term_string\"}}],\"inLanguage\":\"es\"},{\"@type\":\"Organization\",\"@id\":\"https:\\\/\\\/CLINICADENTALGIARIBER.ES\\\/#organization\",\"name\":\"GIARIBER\",\"url\":\"https:\\\/\\\/CLINICADENTALGIARIBER.ES\\\/\",\"logo\":{\"@type\":\"ImageObject\",\"inLanguage\":\"es\",\"@id\":\"https:\\\/\\\/CLINICADENTALGIARIBER.ES\\\/#\\\/schema\\\/logo\\\/image\\\/\",\"url\":\"https:\\\/\\\/CLINICADENTALGIARIBER.ES\\\/wp-content\\\/uploads\\\/2022\\\/01\\\/implantes2.png\",\"contentUrl\":\"https:\\\/\\\/CLINICADENTALGIARIBER.ES\\\/wp-content\\\/uploads\\\/2022\\\/01\\\/implantes2.png\",\"width\":122,\"height\":98,\"caption\":\"GIARIBER\"},\"image\":{\"@id\":\"https:\\\/\\\/CLINICADENTALGIARIBER.ES\\\/#\\\/schema\\\/logo\\\/image\\\/\"}}]}<\/script>\n<!-- \/ Yoast SEO plugin. -->","yoast_head_json":{"title":"Amalgama - Cl\u00ednica dental Giariber","robots":{"index":"index","follow":"follow","max-snippet":"max-snippet:-1","max-image-preview":"max-image-preview:large","max-video-preview":"max-video-preview:-1"},"canonical":"https:\/\/CLINICADENTALGIARIBER.ES\/?page_id=746","og_locale":"es_ES","og_type":"article","og_title":"Amalgama - Cl\u00ednica dental Giariber","og_description":"PROTOCOLO DE EXTRACCI\u00d3N SEGURA DE AMALGAMASLas amalgamas dentales son empastes met\u00e1licos que est\u00e1n compuestos por plata, cobre, mercurio y esta\u00f1o. Son los empastes m\u00e1s antiguos en odontolog\u00eda y que hoy est\u00e1n en completo desuso.\u00a0 La retirada de los empastes de amalgama es un proceso delicado que requiere un estricto protocolo para proteger al paciente durante [&hellip;]","og_url":"https:\/\/CLINICADENTALGIARIBER.ES\/?page_id=746","og_site_name":"Cl\u00ednica dental Giariber","article_modified_time":"2022-09-26T09:38:13+00:00","twitter_card":"summary_large_image","twitter_misc":{"Tiempo de lectura":"2 minutos"},"schema":{"@context":"https:\/\/schema.org","@graph":[{"@type":"WebPage","@id":"https:\/\/CLINICADENTALGIARIBER.ES\/?page_id=746","url":"https:\/\/CLINICADENTALGIARIBER.ES\/?page_id=746","name":"Amalgama - Cl\u00ednica dental Giariber","isPartOf":{"@id":"https:\/\/CLINICADENTALGIARIBER.ES\/#website"},"datePublished":"2022-09-23T09:43:04+00:00","dateModified":"2022-09-26T09:38:13+00:00","breadcrumb":{"@id":"https:\/\/CLINICADENTALGIARIBER.ES\/?page_id=746#breadcrumb"},"inLanguage":"es","potentialAction":[{"@type":"ReadAction","target":["https:\/\/CLINICADENTALGIARIBER.ES\/?page_id=746"]}]},{"@type":"BreadcrumbList","@id":"https:\/\/CLINICADENTALGIARIBER.ES\/?page_id=746#breadcrumb","itemListElement":[{"@type":"ListItem","position":1,"name":"Portada","item":"https:\/\/CLINICADENTALGIARIBER.ES\/"},{"@type":"ListItem","position":2,"name":"Amalgama"}]},{"@type":"WebSite","@id":"https:\/\/CLINICADENTALGIARIBER.ES\/#website","url":"https:\/\/CLINICADENTALGIARIBER.ES\/","name":"Cl\u00ednica dental Giariber","description":"Tu cl\u00ednica dental en La Coru\u00f1a","publisher":{"@id":"https:\/\/CLINICADENTALGIARIBER.ES\/#organization"},"potentialAction":[{"@type":"SearchAction","target":{"@type":"EntryPoint","urlTemplate":"https:\/\/CLINICADENTALGIARIBER.ES\/?s={search_term_string}"},"query-input":{"@type":"PropertyValueSpecification","valueRequired":true,"valueName":"search_term_string"}}],"inLanguage":"es"},{"@type":"Organization","@id":"https:\/\/CLINICADENTALGIARIBER.ES\/#organization","name":"GIARIBER","url":"https:\/\/CLINICADENTALGIARIBER.ES\/","logo":{"@type":"ImageObject","inLanguage":"es","@id":"https:\/\/CLINICADENTALGIARIBER.ES\/#\/schema\/logo\/image\/","url":"https:\/\/CLINICADENTALGIARIBER.ES\/wp-content\/uploads\/2022\/01\/implantes2.png","contentUrl":"https:\/\/CLINICADENTALGIARIBER.ES\/wp-content\/uploads\/2022\/01\/implantes2.png","width":122,"height":98,"caption":"GIARIBER"},"image":{"@id":"https:\/\/CLINICADENTALGIARIBER.ES\/#\/schema\/logo\/image\/"}}]}},"_links":{"self":[{"href":"https:\/\/CLINICADENTALGIARIBER.ES\/index.php?rest_route=\/wp\/v2\/pages\/746","targetHints":{"allow":["GET"]}}],"collection":[{"href":"https:\/\/CLINICADENTALGIARIBER.ES\/index.php?rest_route=\/wp\/v2\/pages"}],"about":[{"href":"https:\/\/CLINICADENTALGIARIBER.ES\/index.php?rest_route=\/wp\/v2\/types\/page"}],"author":[{"embeddable":true,"href":"https:\/\/CLINICADENTALGIARIBER.ES\/index.php?rest_route=\/wp\/v2\/users\/2"}],"replies":[{"embeddable":true,"href":"https:\/\/CLINICADENTALGIARIBER.ES\/index.php?rest_route=%2Fwp%2Fv2%2Fcomments&post=746"}],"version-history":[{"count":5,"href":"https:\/\/CLINICADENTALGIARIBER.ES\/index.php?rest_route=\/wp\/v2\/pages\/746\/revisions"}],"predecessor-version":[{"id":759,"href":"https:\/\/CLINICADENTALGIARIBER.ES\/index.php?rest_route=\/wp\/v2\/pages\/746\/revisions\/759"}],"wp:attachment":[{"href":"https:\/\/CLINICADENTALGIARIBER.ES\/index.php?rest_route=%2Fwp%2Fv2%2Fmedia&parent=746"}],"curies":[{"name":"wp","href":"https:\/\/api.w.org\/{rel}","templated":true}]}}